
{"id":5611,"date":"2022-03-28T11:34:28","date_gmt":"2022-03-28T16:34:28","guid":{"rendered":"https:\/\/cotevertu.fabricator.plogg.in\/?page_id=5611"},"modified":"2025-06-25T11:39:24","modified_gmt":"2025-06-25T16:39:24","slug":"contact-book-fast-dentist-appointment","status":"publish","type":"page","link":"https:\/\/dentistecotevertu.com\/en\/contact-book-fast-dentist-appointment\/","title":{"rendered":"Contact Us"},"content":{"rendered":"","protected":false},"excerpt":{"rendered":"","protected":false},"author":1,"featured_media":0,"parent":0,"menu_order":0,"comment_status":"closed","ping_status":"closed","template":"\/templates\/contact-us.php","meta":{"_acf_changed":false,"footnotes":""},"page-category":[],"class_list":["post-5611","page","type-page","status-publish","hentry"],"acf":[],"yoast_head":"<!-- This site is optimized with the Yoast SEO Premium plugin v25.1 (Yoast SEO v25.1) - https:\/\/yoast.com\/wordpress\/plugins\/seo\/ -->\n<title>To contact us - Centre Dentaire C\u00f4te-Vertu<\/title>\n<meta name=\"description\" content=\"The Centre Dentaire C\u00f4te-Vertu Dental Clinic is located at 815 C\u00f4te-Vertu Boulevard, suite 101 in Montreal. Call us at 514 748-6525 to make an appointment.\" \/>\n<meta name=\"robots\" content=\"index, follow, max-snippet:-1, max-image-preview:large, max-video-preview:-1\" \/>\n<link rel=\"canonical\" href=\"https:\/\/dentistecotevertu.com\/en\/contact-book-fast-dentist-appointment\/\" \/>\n<meta property=\"og:locale\" content=\"en_US\" \/>\n<meta property=\"og:type\" content=\"article\" \/>\n<meta property=\"og:title\" content=\"Contact Us\" \/>\n<meta property=\"og:url\" content=\"https:\/\/dentistecotevertu.com\/en\/contact-book-fast-dentist-appointment\/\" \/>\n<meta property=\"og:site_name\" content=\"Centre Dentaire C\u00f4te-Vertu\" \/>\n<meta property=\"article:modified_time\" content=\"2025-06-25T16:39:24+00:00\" \/>\n<meta property=\"og:image\" content=\"https:\/\/dentistecotevertu.com\/wp-content\/uploads\/2023\/03\/best-team-dental-centre-cote-virtue.jpeg\" \/>\n\t<meta property=\"og:image:width\" content=\"1200\" \/>\n\t<meta property=\"og:image:height\" content=\"800\" \/>\n\t<meta property=\"og:image:type\" content=\"image\/jpeg\" \/>\n<meta name=\"twitter:card\" content=\"summary_large_image\" \/>\n<script type=\"application\/ld+json\" class=\"yoast-schema-graph\">{\"@context\":\"https:\/\/schema.org\",\"@graph\":[{\"@type\":\"WebPage\",\"@id\":\"https:\/\/dentistecotevertu.com\/en\/contact-book-fast-dentist-appointment\/\",\"url\":\"https:\/\/dentistecotevertu.com\/en\/contact-book-fast-dentist-appointment\/\",\"name\":\"To contact us - Centre Dentaire C\u00f4te-Vertu\",\"isPartOf\":{\"@id\":\"https:\/\/dentistecotevertu.com\/en\/#website\"},\"datePublished\":\"2022-03-28T16:34:28+00:00\",\"dateModified\":\"2025-06-25T16:39:24+00:00\",\"description\":\"The Centre Dentaire C\u00f4te-Vertu Dental Clinic is located at 815 C\u00f4te-Vertu Boulevard, suite 101 in Montreal. Call us at 514 748-6525 to make an appointment.\",\"inLanguage\":\"en-US\",\"potentialAction\":[{\"@type\":\"ReadAction\",\"target\":[\"https:\/\/dentistecotevertu.com\/en\/contact-book-fast-dentist-appointment\/\"]}]},{\"@type\":\"WebSite\",\"@id\":\"https:\/\/dentistecotevertu.com\/en\/#website\",\"url\":\"https:\/\/dentistecotevertu.com\/en\/\",\"name\":\"Centre Dentaire C\u00f4te-Vertu\",\"description\":\"\",\"potentialAction\":[{\"@type\":\"SearchAction\",\"target\":{\"@type\":\"EntryPoint\",\"urlTemplate\":\"https:\/\/dentistecotevertu.com\/en\/?s={search_term_string}\"},\"query-input\":{\"@type\":\"PropertyValueSpecification\",\"valueRequired\":true,\"valueName\":\"search_term_string\"}}],\"inLanguage\":\"en-US\"}]}<\/script>\n<!-- \/ Yoast SEO Premium plugin. -->","yoast_head_json":{"title":"To contact us - Centre Dentaire C\u00f4te-Vertu","description":"The Centre Dentaire C\u00f4te-Vertu Dental Clinic is located at 815 C\u00f4te-Vertu Boulevard, suite 101 in Montreal. Call us at 514 748-6525 to make an appointment.","robots":{"index":"index","follow":"follow","max-snippet":"max-snippet:-1","max-image-preview":"max-image-preview:large","max-video-preview":"max-video-preview:-1"},"canonical":"https:\/\/dentistecotevertu.com\/en\/contact-book-fast-dentist-appointment\/","og_locale":"en_US","og_type":"article","og_title":"Contact Us","og_url":"https:\/\/dentistecotevertu.com\/en\/contact-book-fast-dentist-appointment\/","og_site_name":"Centre Dentaire C\u00f4te-Vertu","article_modified_time":"2025-06-25T16:39:24+00:00","og_image":[{"width":1200,"height":800,"url":"https:\/\/dentistecotevertu.com\/wp-content\/uploads\/2023\/03\/best-team-dental-centre-cote-virtue.jpeg","type":"image\/jpeg"}],"twitter_card":"summary_large_image","schema":{"@context":"https:\/\/schema.org","@graph":[{"@type":"WebPage","@id":"https:\/\/dentistecotevertu.com\/en\/contact-book-fast-dentist-appointment\/","url":"https:\/\/dentistecotevertu.com\/en\/contact-book-fast-dentist-appointment\/","name":"To contact us - Centre Dentaire C\u00f4te-Vertu","isPartOf":{"@id":"https:\/\/dentistecotevertu.com\/en\/#website"},"datePublished":"2022-03-28T16:34:28+00:00","dateModified":"2025-06-25T16:39:24+00:00","description":"The Centre Dentaire C\u00f4te-Vertu Dental Clinic is located at 815 C\u00f4te-Vertu Boulevard, suite 101 in Montreal. Call us at 514 748-6525 to make an appointment.","inLanguage":"en-US","potentialAction":[{"@type":"ReadAction","target":["https:\/\/dentistecotevertu.com\/en\/contact-book-fast-dentist-appointment\/"]}]},{"@type":"WebSite","@id":"https:\/\/dentistecotevertu.com\/en\/#website","url":"https:\/\/dentistecotevertu.com\/en\/","name":"Centre Dentaire C\u00f4te-Vertu","description":"","potentialAction":[{"@type":"SearchAction","target":{"@type":"EntryPoint","urlTemplate":"https:\/\/dentistecotevertu.com\/en\/?s={search_term_string}"},"query-input":{"@type":"PropertyValueSpecification","valueRequired":true,"valueName":"search_term_string"}}],"inLanguage":"en-US"}]}},"_links":{"self":[{"href":"https:\/\/dentistecotevertu.com\/en\/wp-json\/wp\/v2\/pages\/5611","targetHints":{"allow":["GET"]}}],"collection":[{"href":"https:\/\/dentistecotevertu.com\/en\/wp-json\/wp\/v2\/pages"}],"about":[{"href":"https:\/\/dentistecotevertu.com\/en\/wp-json\/wp\/v2\/types\/page"}],"author":[{"embeddable":true,"href":"https:\/\/dentistecotevertu.com\/en\/wp-json\/wp\/v2\/users\/1"}],"replies":[{"embeddable":true,"href":"https:\/\/dentistecotevertu.com\/en\/wp-json\/wp\/v2\/comments?post=5611"}],"version-history":[{"count":10,"href":"https:\/\/dentistecotevertu.com\/en\/wp-json\/wp\/v2\/pages\/5611\/revisions"}],"predecessor-version":[{"id":7558,"href":"https:\/\/dentistecotevertu.com\/en\/wp-json\/wp\/v2\/pages\/5611\/revisions\/7558"}],"wp:attachment":[{"href":"https:\/\/dentistecotevertu.com\/en\/wp-json\/wp\/v2\/media?parent=5611"}],"wp:term":[{"taxonomy":"page-category","embeddable":true,"href":"https:\/\/dentistecotevertu.com\/en\/wp-json\/wp\/v2\/page-category?post=5611"}],"curies":[{"name":"wp","href":"https:\/\/api.w.org\/{rel}","templated":true}]}}