
{"id":4946,"date":"2022-03-03T13:08:43","date_gmt":"2022-03-03T18:08:43","guid":{"rendered":"https:\/\/cotevertu.fabricator.plogg.in\/?page_id=4946"},"modified":"2023-03-02T10:20:59","modified_gmt":"2023-03-02T15:20:59","slug":"pedodontics-pediatric-dentistry","status":"publish","type":"page","link":"https:\/\/dentistecotevertu.com\/en\/pedodontics-pediatric-dentistry\/","title":{"rendered":"Pedodontics (Pediatric Dentistry)"},"content":{"rendered":"\n<section   class=\"o-block animated\" data-animation=\"fadeInUp\">\n    <div class=\"c-media-text o-container\">\n        <div class=\"c-media-text_inner relative-media left\">\n            \n             \n                <div class=\"c-media-text_media\">\n                    <img decoding=\"async\" class=\"c-media-text_image\"\n                        src=\"https:\/\/dentistecotevertu.com\/wp-content\/uploads\/2022\/04\/pedodontie.jpg\"\n                                                alt=\"P\u00e9dodontie dentisterie P\u00e9diatrique \u00e0 C\u00f4te Vertu\">\n                <\/div>\n            \n            <div class=\"c-media-text_content\">\n                <h2>For children and adolescents<\/h2>\n<p>The training and experience of pediatric dentists allow them to meet the special needs of children and adolescents.<\/p>\n<p>The first visit can take place as early as the first baby tooth. It is preferable and recommended to see young children every six (6) months, as cavities can appear quickly. If the risk is considered low, visits can be spaced further apart.<\/p>\n<p>It is during this first meeting that the pediatric dentist establishes a relationship of trust with the child and reassures him\/her. It is by feeling safe and protected that the child will be cooperative and that the care will be easier. The first visit is very important to reassure the child and establish a climate of trust.<\/p>\n<p>It is by feeling safe and protected that the child will be cooperative and that care will be easier.<\/p>\n\n            <\/div>\n        <\/div>\n    <\/div>\n<\/section>","protected":false},"excerpt":{"rendered":"","protected":false},"author":1,"featured_media":0,"parent":0,"menu_order":0,"comment_status":"closed","ping_status":"closed","template":"","meta":{"_acf_changed":false,"footnotes":""},"page-category":[],"class_list":["post-4946","page","type-page","status-publish","hentry"],"acf":[],"yoast_head":"<!-- This site is optimized with the Yoast SEO Premium plugin v25.1 (Yoast SEO v25.1) - https:\/\/yoast.com\/wordpress\/plugins\/seo\/ -->\n<title>Pedodontics (Pediatric Dentistry) - Centre Dentaire C\u00f4te-Vertu<\/title>\n<meta name=\"robots\" content=\"index, follow, max-snippet:-1, max-image-preview:large, max-video-preview:-1\" \/>\n<link rel=\"canonical\" href=\"https:\/\/dentistecotevertu.com\/en\/pedodontics-pediatric-dentistry\/\" \/>\n<meta property=\"og:locale\" content=\"en_US\" \/>\n<meta property=\"og:type\" content=\"article\" \/>\n<meta property=\"og:title\" content=\"Pedodontics (Pediatric Dentistry)\" \/>\n<meta property=\"og:url\" content=\"https:\/\/dentistecotevertu.com\/en\/pedodontics-pediatric-dentistry\/\" \/>\n<meta property=\"og:site_name\" content=\"Centre Dentaire C\u00f4te-Vertu\" \/>\n<meta property=\"article:modified_time\" content=\"2023-03-02T15:20:59+00:00\" \/>\n<meta property=\"og:image\" content=\"https:\/\/dentistecotevertu.com\/wp-content\/uploads\/2023\/03\/best-team-dental-centre-cote-virtue.jpeg\" \/>\n\t<meta property=\"og:image:width\" content=\"1200\" \/>\n\t<meta property=\"og:image:height\" content=\"800\" \/>\n\t<meta property=\"og:image:type\" content=\"image\/jpeg\" \/>\n<meta name=\"twitter:card\" content=\"summary_large_image\" \/>\n<script type=\"application\/ld+json\" class=\"yoast-schema-graph\">{\"@context\":\"https:\/\/schema.org\",\"@graph\":[{\"@type\":\"WebPage\",\"@id\":\"https:\/\/dentistecotevertu.com\/en\/pedodontics-pediatric-dentistry\/\",\"url\":\"https:\/\/dentistecotevertu.com\/en\/pedodontics-pediatric-dentistry\/\",\"name\":\"Pedodontics (Pediatric Dentistry) - Centre Dentaire C\u00f4te-Vertu\",\"isPartOf\":{\"@id\":\"https:\/\/dentistecotevertu.com\/en\/#website\"},\"datePublished\":\"2022-03-03T18:08:43+00:00\",\"dateModified\":\"2023-03-02T15:20:59+00:00\",\"inLanguage\":\"en-US\",\"potentialAction\":[{\"@type\":\"ReadAction\",\"target\":[\"https:\/\/dentistecotevertu.com\/en\/pedodontics-pediatric-dentistry\/\"]}]},{\"@type\":\"WebSite\",\"@id\":\"https:\/\/dentistecotevertu.com\/en\/#website\",\"url\":\"https:\/\/dentistecotevertu.com\/en\/\",\"name\":\"Centre Dentaire C\u00f4te-Vertu\",\"description\":\"\",\"potentialAction\":[{\"@type\":\"SearchAction\",\"target\":{\"@type\":\"EntryPoint\",\"urlTemplate\":\"https:\/\/dentistecotevertu.com\/en\/?s={search_term_string}\"},\"query-input\":{\"@type\":\"PropertyValueSpecification\",\"valueRequired\":true,\"valueName\":\"search_term_string\"}}],\"inLanguage\":\"en-US\"}]}<\/script>\n<!-- \/ Yoast SEO Premium plugin. -->","yoast_head_json":{"title":"Pedodontics (Pediatric Dentistry) - Centre Dentaire C\u00f4te-Vertu","robots":{"index":"index","follow":"follow","max-snippet":"max-snippet:-1","max-image-preview":"max-image-preview:large","max-video-preview":"max-video-preview:-1"},"canonical":"https:\/\/dentistecotevertu.com\/en\/pedodontics-pediatric-dentistry\/","og_locale":"en_US","og_type":"article","og_title":"Pedodontics (Pediatric Dentistry)","og_url":"https:\/\/dentistecotevertu.com\/en\/pedodontics-pediatric-dentistry\/","og_site_name":"Centre Dentaire C\u00f4te-Vertu","article_modified_time":"2023-03-02T15:20:59+00:00","og_image":[{"width":1200,"height":800,"url":"https:\/\/dentistecotevertu.com\/wp-content\/uploads\/2023\/03\/best-team-dental-centre-cote-virtue.jpeg","type":"image\/jpeg"}],"twitter_card":"summary_large_image","schema":{"@context":"https:\/\/schema.org","@graph":[{"@type":"WebPage","@id":"https:\/\/dentistecotevertu.com\/en\/pedodontics-pediatric-dentistry\/","url":"https:\/\/dentistecotevertu.com\/en\/pedodontics-pediatric-dentistry\/","name":"Pedodontics (Pediatric Dentistry) - Centre Dentaire C\u00f4te-Vertu","isPartOf":{"@id":"https:\/\/dentistecotevertu.com\/en\/#website"},"datePublished":"2022-03-03T18:08:43+00:00","dateModified":"2023-03-02T15:20:59+00:00","inLanguage":"en-US","potentialAction":[{"@type":"ReadAction","target":["https:\/\/dentistecotevertu.com\/en\/pedodontics-pediatric-dentistry\/"]}]},{"@type":"WebSite","@id":"https:\/\/dentistecotevertu.com\/en\/#website","url":"https:\/\/dentistecotevertu.com\/en\/","name":"Centre Dentaire C\u00f4te-Vertu","description":"","potentialAction":[{"@type":"SearchAction","target":{"@type":"EntryPoint","urlTemplate":"https:\/\/dentistecotevertu.com\/en\/?s={search_term_string}"},"query-input":{"@type":"PropertyValueSpecification","valueRequired":true,"valueName":"search_term_string"}}],"inLanguage":"en-US"}]}},"_links":{"self":[{"href":"https:\/\/dentistecotevertu.com\/en\/wp-json\/wp\/v2\/pages\/4946","targetHints":{"allow":["GET"]}}],"collection":[{"href":"https:\/\/dentistecotevertu.com\/en\/wp-json\/wp\/v2\/pages"}],"about":[{"href":"https:\/\/dentistecotevertu.com\/en\/wp-json\/wp\/v2\/types\/page"}],"author":[{"embeddable":true,"href":"https:\/\/dentistecotevertu.com\/en\/wp-json\/wp\/v2\/users\/1"}],"replies":[{"embeddable":true,"href":"https:\/\/dentistecotevertu.com\/en\/wp-json\/wp\/v2\/comments?post=4946"}],"version-history":[{"count":8,"href":"https:\/\/dentistecotevertu.com\/en\/wp-json\/wp\/v2\/pages\/4946\/revisions"}],"predecessor-version":[{"id":6815,"href":"https:\/\/dentistecotevertu.com\/en\/wp-json\/wp\/v2\/pages\/4946\/revisions\/6815"}],"wp:attachment":[{"href":"https:\/\/dentistecotevertu.com\/en\/wp-json\/wp\/v2\/media?parent=4946"}],"wp:term":[{"taxonomy":"page-category","embeddable":true,"href":"https:\/\/dentistecotevertu.com\/en\/wp-json\/wp\/v2\/page-category?post=4946"}],"curies":[{"name":"wp","href":"https:\/\/api.w.org\/{rel}","templated":true}]}}